{"id":6951,"date":"2026-03-26T15:00:44","date_gmt":"2026-03-26T15:00:44","guid":{"rendered":"https:\/\/www.terveste.be\/wordpress\/?page_id=6951"},"modified":"2026-04-02T09:20:20","modified_gmt":"2026-04-02T09:20:20","slug":"wat","status":"publish","type":"page","link":"https:\/\/www.terveste.be\/wordpress\/?page_id=6951","title":{"rendered":"Wat?"},"content":{"rendered":"\n<p>Enerzijds hebben we een <strong>kern van oudercomit\u00e9leden<\/strong> die elke 2 tot 3 maanden samen komen.<\/p>\n\n\n\n<p>Tijdens deze oudercomit\u00e9 vergadering overleggen omtrent:<\/p>\n\n\n\n<ol class=\"wp-block-list\">\n<li>Organisatie oudercomit\u00e9<\/li>\n\n\n\n<li>Events<\/li>\n\n\n\n<li>Schoolwerking &amp; omgeving<\/li>\n\n\n\n<li>Spaardoelen<\/li>\n<\/ol>\n\n\n\n<p>Tijdens dit overleg zitten we als oudercomit\u00e9 samen met enkele afgevaardigden van het schoolteam.<br>&#8212; &gt; Directrice Jana, Juf Riet, Juf Lies, Juf Melissa &amp; Juf Ellen<\/p>\n\n\n\n<p>Anderzijds <strong>organiseren <\/strong>we <strong>events <\/strong>doorheen het schooljaar om <strong>niet alleen centjes<\/strong> in te zamelen, maar ook <strong>leuke momenten te cre\u00ebren<\/strong> voor de kinderen en ouders.<\/p>\n\n\n\n<p>Enkele voorbeelden van events die we opzetten:<\/p>\n\n\n\n<ol class=\"wp-block-list\">\n<li>Koffie voor ouders tijdens de Strapdag<\/li>\n\n\n\n<li>Carnavalsfuif<\/li>\n\n\n\n<li>IJsjes op de laatste schooldag<\/li>\n\n\n\n<li>Paasontbijt<\/li>\n\n\n\n<li>Quiz<\/li>\n\n\n\n<li>Frietjes op school laatste vrijdag voor Krokusvakantie<\/li>\n\n\n\n<li>\u2026<\/li>\n<\/ol>\n\n\n\n<p>Voor deze events doen we niet alleen beroep op onze kernleden, maar hebben we een groep van \u2018<strong>helpende handen<\/strong>\u2019.<\/p>\n\n\n\n<p>We hopen eveneens van harte dat er (nog) <strong>gemotiveerde <\/strong>ouders zijn die mee willen betrokken worden in de toekomst.<\/p>\n\n\n\n<ol class=\"wp-block-list\">\n<li>Dit kan enerzijds door <strong>kernlid <\/strong>te worden van het oudercomit\u00e9 en betrokken te worden in ons 3-maandelijks overleg<\/li>\n\n\n\n<li>Anderzijds kan dit ook door mee te <strong>helpen <\/strong>in 1 of meerdere activiteiten of idee\u00ebn die we wensen te organiseren.<br>Hierop staat geen minimum of maximum, want alle hulp in welke hoedanigheid dan ook is steeds een geweldige steun.<br>Laat ons zeker weten indien u graag mee in de groep van de \u2018helpende handen\u2019 opgenomen wenst te worden.<\/li>\n<\/ol>\n\n\n\n<p>Indien verdere vragen bij u leven of je wil ons graag contacteren, niet twijfelen en gewoon doen!<\/p>\n\n\n\n<p>&#8212;&gt;&nbsp; <a href=\"mailto:oudercomiteterveste@gmail.com\" target=\"_blank\" rel=\"noreferrer noopener\"><strong>oudercomiteterveste@gmail.com<\/strong><\/a><\/p>\n\n\n\n<figure class=\"wp-block-image aligncenter size-large is-resized\"><img loading=\"lazy\" decoding=\"async\" width=\"1024\" height=\"683\" src=\"https:\/\/www.terveste.be\/wordpress\/wp-content\/uploads\/2026\/04\/Oudercomite-activiteiten-in-kleurrijke-scenes-1024x683.png\" alt=\"\" class=\"wp-image-7076\" style=\"aspect-ratio:1.5000493437284121;width:526px;height:auto\" srcset=\"https:\/\/www.terveste.be\/wordpress\/wp-content\/uploads\/2026\/04\/Oudercomite-activiteiten-in-kleurrijke-scenes-1024x683.png 1024w, https:\/\/www.terveste.be\/wordpress\/wp-content\/uploads\/2026\/04\/Oudercomite-activiteiten-in-kleurrijke-scenes-300x200.png 300w, https:\/\/www.terveste.be\/wordpress\/wp-content\/uploads\/2026\/04\/Oudercomite-activiteiten-in-kleurrijke-scenes-768x512.png 768w, https:\/\/www.terveste.be\/wordpress\/wp-content\/uploads\/2026\/04\/Oudercomite-activiteiten-in-kleurrijke-scenes.png 1536w\" sizes=\"auto, (max-width: 1024px) 100vw, 1024px\" \/><\/figure>\n\n\n\n<p><\/p>\n","protected":false},"excerpt":{"rendered":"<p>Enerzijds hebben we een kern van oudercomit\u00e9leden die elke 2 tot 3 maanden samen komen. Tijdens deze oudercomit\u00e9 vergadering overleggen omtrent: Tijdens dit overleg zitten we als oudercomit\u00e9 samen met enkele afgevaardigden van het schoolteam.&#8212; &gt; Directrice Jana, Juf Riet, Juf Lies,&#8230;<\/p>\n","protected":false},"author":1,"featured_media":0,"parent":929,"menu_order":0,"comment_status":"closed","ping_status":"closed","template":"","meta":{"footnotes":""},"class_list":["post-6951","page","type-page","status-publish","hentry"],"_links":{"self":[{"href":"https:\/\/www.terveste.be\/wordpress\/index.php?rest_route=\/wp\/v2\/pages\/6951","targetHints":{"allow":["GET"]}}],"collection":[{"href":"https:\/\/www.terveste.be\/wordpress\/index.php?rest_route=\/wp\/v2\/pages"}],"about":[{"href":"https:\/\/www.terveste.be\/wordpress\/index.php?rest_route=\/wp\/v2\/types\/page"}],"author":[{"embeddable":true,"href":"https:\/\/www.terveste.be\/wordpress\/index.php?rest_route=\/wp\/v2\/users\/1"}],"replies":[{"embeddable":true,"href":"https:\/\/www.terveste.be\/wordpress\/index.php?rest_route=%2Fwp%2Fv2%2Fcomments&post=6951"}],"version-history":[{"count":6,"href":"https:\/\/www.terveste.be\/wordpress\/index.php?rest_route=\/wp\/v2\/pages\/6951\/revisions"}],"predecessor-version":[{"id":7077,"href":"https:\/\/www.terveste.be\/wordpress\/index.php?rest_route=\/wp\/v2\/pages\/6951\/revisions\/7077"}],"up":[{"embeddable":true,"href":"https:\/\/www.terveste.be\/wordpress\/index.php?rest_route=\/wp\/v2\/pages\/929"}],"wp:attachment":[{"href":"https:\/\/www.terveste.be\/wordpress\/index.php?rest_route=%2Fwp%2Fv2%2Fmedia&parent=6951"}],"curies":[{"name":"wp","href":"https:\/\/api.w.org\/{rel}","templated":true}]}}